{"id":19784,"date":"2021-12-15T11:32:35","date_gmt":"2021-12-15T10:32:35","guid":{"rendered":"https:\/\/www.asverstrooiingnoordzee.skyberatedev.nl\/ervaringen\/"},"modified":"2022-01-03T14:40:18","modified_gmt":"2022-01-03T13:40:18","slug":"erfahrungen","status":"publish","type":"page","link":"https:\/\/www.asverstrooiingnoordzee.nl\/de\/erfahrungen\/","title":{"rendered":"Erfahrungen"},"content":{"rendered":"\t\t<div data-elementor-type=\"wp-page\" data-elementor-id=\"19784\" class=\"elementor elementor-19784 elementor-18867\">\n\t\t\t\t\t\t<section class=\"elementor-section elementor-top-section elementor-element elementor-element-6280a0a elementor-section-stretched elementor-section-boxed elementor-section-height-default elementor-section-height-default sc_fly_static\" data-id=\"6280a0a\" data-element_type=\"section\" data-e-type=\"section\" data-settings=\"{&quot;stretch_section&quot;:&quot;section-stretched&quot;}\">\n\t\t\t\t\t\t<div class=\"elementor-container elementor-column-gap-extended\">\n\t\t\t\t\t<div class=\"elementor-column elementor-col-100 elementor-top-column elementor-element elementor-element-37478d4 sc_content_align_inherit sc_layouts_column_icons_position_left sc_fly_static\" data-id=\"37478d4\" data-element_type=\"column\" data-e-type=\"column\">\n\t\t\t<div class=\"elementor-widget-wrap elementor-element-populated\">\n\t\t\t\t\t\t<div class=\"elementor-element elementor-element-61d6866 sc_fly_static elementor-widget elementor-widget-trx_sc_title\" data-id=\"61d6866\" data-element_type=\"widget\" data-e-type=\"widget\" data-widget_type=\"trx_sc_title.default\">\n\t\t\t\t<div class=\"elementor-widget-container\">\n\t\t\t\t\t<div\t\tclass=\"sc_title sc_title_default\" ><h1 class=\"sc_item_title sc_title_title sc_align_center sc_item_title_style_default sc_item_title_tag\"\n\t\t\t><span class=\"sc_item_title_text\">Erfahrungen<\/span><\/h1><div class=\"sc_item_descr sc_title_descr sc_align_center\"><p>Die Angeh\u00f6rigen wissen das Verstreuen der Asche, um das wir uns k\u00fcmmern, sehr zu sch\u00e4tzen.<\/p>\n<\/div><\/div>\t\t\t\t<\/div>\n\t\t\t\t<\/div>\n\t\t\t\t<div class=\"elementor-element elementor-element-53203a0 sc_fly_static elementor-widget elementor-widget-spacer\" data-id=\"53203a0\" data-element_type=\"widget\" data-e-type=\"widget\" data-widget_type=\"spacer.default\">\n\t\t\t\t<div class=\"elementor-widget-container\">\n\t\t\t\t\t\t\t<div class=\"elementor-spacer\">\n\t\t\t<div class=\"elementor-spacer-inner\"><\/div>\n\t\t<\/div>\n\t\t\t\t\t\t<\/div>\n\t\t\t\t<\/div>\n\t\t\t\t<section class=\"elementor-section elementor-inner-section elementor-element elementor-element-028bba6 elementor-section-boxed elementor-section-height-default elementor-section-height-default sc_fly_static\" data-id=\"028bba6\" data-element_type=\"section\" data-e-type=\"section\">\n\t\t\t\t\t\t<div class=\"elementor-container elementor-column-gap-extended\">\n\t\t\t\t\t<div class=\"elementor-column elementor-col-33 elementor-inner-column elementor-element elementor-element-f9e3355 sc_content_align_inherit sc_layouts_column_icons_position_left sc_fly_static\" data-id=\"f9e3355\" data-element_type=\"column\" data-e-type=\"column\">\n\t\t\t<div class=\"elementor-widget-wrap elementor-element-populated\">\n\t\t\t\t\t\t<div class=\"elementor-element elementor-element-ff29380 ervaring-review sc_fly_static elementor-widget elementor-widget-text-editor\" data-id=\"ff29380\" data-element_type=\"widget\" data-e-type=\"widget\" data-widget_type=\"text-editor.default\">\n\t\t\t\t<div class=\"elementor-widget-container\">\n\t\t\t\t\t\t\t\t\t<p style=\"text-align: center;\">Im Namen der Familie und der Freunde m\u00f6chte ich Ihnen f\u00fcr den vergangenen Samstag danken. Sie waren beide so freundlich und hilfsbereit. Und sehr respektvoll, trotz all der Verr\u00fccktheit. Auch dank Ihnen war es ein w\u00fcrdiger Abschied, so dass jeder seiner Trauer einen Platz geben kann. Nochmals vielen Dank.<\/p>\n<p style=\"text-align: center; font-weight: 400;\">Sandra K.<\/p>\t\t\t\t\t\t\t\t<\/div>\n\t\t\t\t<\/div>\n\t\t\t\t\t<\/div>\n\t\t<\/div>\n\t\t\t\t<div class=\"elementor-column elementor-col-33 elementor-inner-column elementor-element elementor-element-729abee sc_content_align_inherit sc_layouts_column_icons_position_left sc_fly_static\" data-id=\"729abee\" data-element_type=\"column\" data-e-type=\"column\">\n\t\t\t<div class=\"elementor-widget-wrap elementor-element-populated\">\n\t\t\t\t\t\t<div class=\"elementor-element elementor-element-f14924f ervaring-review sc_fly_static elementor-widget elementor-widget-text-editor\" data-id=\"f14924f\" data-element_type=\"widget\" data-e-type=\"widget\" data-widget_type=\"text-editor.default\">\n\t\t\t\t<div class=\"elementor-widget-container\">\n\t\t\t\t\t\t\t\t\t<p style=\"text-align: center;\">Ich m\u00f6chte mich bei Ihnen f\u00fcr die hervorragende Betreuung bei der Verstreuung der Asche meiner Mutter am 26. Juli in der N\u00e4he von Wijk aan Zee bedanken. Sie fand in einer sehr entspannten und respektvollen Weise statt. Unser Dank daf\u00fcr.<\/p>\n<p style=\"text-align: center; font-weight: 400;\">Marcel van D.<\/p>\t\t\t\t\t\t\t\t<\/div>\n\t\t\t\t<\/div>\n\t\t\t\t\t<\/div>\n\t\t<\/div>\n\t\t\t\t<div class=\"elementor-column elementor-col-33 elementor-inner-column elementor-element elementor-element-a82eda5 sc_content_align_inherit sc_layouts_column_icons_position_left sc_fly_static\" data-id=\"a82eda5\" data-element_type=\"column\" data-e-type=\"column\">\n\t\t\t<div class=\"elementor-widget-wrap elementor-element-populated\">\n\t\t\t\t\t\t<div class=\"elementor-element elementor-element-bd8261c ervaring-review sc_fly_static elementor-widget elementor-widget-text-editor\" data-id=\"bd8261c\" data-element_type=\"widget\" data-e-type=\"widget\" data-widget_type=\"text-editor.default\">\n\t\t\t\t<div class=\"elementor-widget-container\">\n\t\t\t\t\t\t\t\t\t<p style=\"text-align: center;\">Ich m\u00f6chte mich bei Ihnen bedanken f\u00fcr die hervorragende Betreuung bei der Verstreuung der Asche meiner Mutter am 26. Juli in der N\u00e4he von Wijk aan Zee. Sie fand in einer sehr entspannten und respektvollen Weise statt. Unser Dank daf\u00fcr.<\/p>\n<p style=\"text-align: center; font-weight: 400;\">Harm-Jan L.<\/p>\t\t\t\t\t\t\t\t<\/div>\n\t\t\t\t<\/div>\n\t\t\t\t\t<\/div>\n\t\t<\/div>\n\t\t\t\t\t<\/div>\n\t\t<\/section>\n\t\t\t\t<section class=\"elementor-section elementor-inner-section elementor-element elementor-element-eb589b1 elementor-section-boxed elementor-section-height-default elementor-section-height-default sc_fly_static\" data-id=\"eb589b1\" data-element_type=\"section\" data-e-type=\"section\">\n\t\t\t\t\t\t<div class=\"elementor-container elementor-column-gap-extended\">\n\t\t\t\t\t<div class=\"elementor-column elementor-col-33 elementor-inner-column elementor-element elementor-element-94e3d96 sc_content_align_inherit sc_layouts_column_icons_position_left sc_fly_static\" data-id=\"94e3d96\" data-element_type=\"column\" data-e-type=\"column\">\n\t\t\t<div class=\"elementor-widget-wrap elementor-element-populated\">\n\t\t\t\t\t\t<div class=\"elementor-element elementor-element-2f4f2aa ervaring-review sc_fly_static elementor-widget elementor-widget-text-editor\" data-id=\"2f4f2aa\" data-element_type=\"widget\" data-e-type=\"widget\" data-widget_type=\"text-editor.default\">\n\t\t\t\t<div class=\"elementor-widget-container\">\n\t\t\t\t\t\t\t\t\t<p style=\"text-align: center;\">Ich m\u00f6chte mich ganz herzlich f\u00fcr den fantastischen Tag bedanken, den Sie mir und meiner Familie beschert haben. Ein Tag, den wir nie vergessen werden..<\/p>\n<p style=\"text-align: center; font-weight: 400;\">Piet R.<\/p>\t\t\t\t\t\t\t\t<\/div>\n\t\t\t\t<\/div>\n\t\t\t\t\t<\/div>\n\t\t<\/div>\n\t\t\t\t<div class=\"elementor-column elementor-col-33 elementor-inner-column elementor-element elementor-element-73e7999 sc_content_align_inherit sc_layouts_column_icons_position_left sc_fly_static\" data-id=\"73e7999\" data-element_type=\"column\" data-e-type=\"column\">\n\t\t\t<div class=\"elementor-widget-wrap elementor-element-populated\">\n\t\t\t\t\t\t<div class=\"elementor-element elementor-element-155a509 ervaring-review sc_fly_static elementor-widget elementor-widget-text-editor\" data-id=\"155a509\" data-element_type=\"widget\" data-e-type=\"widget\" data-widget_type=\"text-editor.default\">\n\t\t\t\t<div class=\"elementor-widget-container\">\n\t\t\t\t\t\t\t\t\t<p style=\"text-align: center;\">Ich glaube, die ganze Veranstaltung hat bei den Anwesenden einen bleibenden Eindruck hinterlassen. Es war eine besondere Art des Abschieds, sehr beeindruckend f\u00fcr uns alle. Nochmals vielen Dank f\u00fcr die Organisation des Treffens.<\/p>\n<p style=\"text-align: center; font-weight: 400;\">Vincent V.<\/p>\t\t\t\t\t\t\t\t<\/div>\n\t\t\t\t<\/div>\n\t\t\t\t\t<\/div>\n\t\t<\/div>\n\t\t\t\t<div class=\"elementor-column elementor-col-33 elementor-inner-column elementor-element elementor-element-6cbc9c1 sc_content_align_inherit sc_layouts_column_icons_position_left sc_fly_static\" data-id=\"6cbc9c1\" data-element_type=\"column\" data-e-type=\"column\">\n\t\t\t<div class=\"elementor-widget-wrap elementor-element-populated\">\n\t\t\t\t\t\t<div class=\"elementor-element elementor-element-aa0d53a ervaring-review sc_fly_static elementor-widget elementor-widget-text-editor\" data-id=\"aa0d53a\" data-element_type=\"widget\" data-e-type=\"widget\" data-widget_type=\"text-editor.default\">\n\t\t\t\t<div class=\"elementor-widget-container\">\n\t\t\t\t\t\t\t\t\t<p style=\"text-align: center;\">Ich m\u00f6chte Ihnen mitteilen, dass ich mit Ihrem Service sehr zufrieden bin und Ihr Unternehmen bei Gelegenheit weiterempfehlen werde. Ich danke Ihnen nochmals.<\/p>\n<p style=\"text-align: center; font-weight: 400;\">Hans S.<\/p>\t\t\t\t\t\t\t\t<\/div>\n\t\t\t\t<\/div>\n\t\t\t\t\t<\/div>\n\t\t<\/div>\n\t\t\t\t\t<\/div>\n\t\t<\/section>\n\t\t\t\t<section class=\"elementor-section elementor-inner-section elementor-element elementor-element-84487a8 elementor-section-boxed elementor-section-height-default elementor-section-height-default sc_fly_static\" data-id=\"84487a8\" data-element_type=\"section\" data-e-type=\"section\">\n\t\t\t\t\t\t<div class=\"elementor-container elementor-column-gap-extended\">\n\t\t\t\t\t<div class=\"elementor-column elementor-col-33 elementor-inner-column elementor-element elementor-element-116929f sc_content_align_inherit sc_layouts_column_icons_position_left sc_fly_static\" data-id=\"116929f\" data-element_type=\"column\" data-e-type=\"column\">\n\t\t\t<div class=\"elementor-widget-wrap elementor-element-populated\">\n\t\t\t\t\t\t<div class=\"elementor-element elementor-element-1c0fa91 ervaring-review sc_fly_static elementor-widget elementor-widget-text-editor\" data-id=\"1c0fa91\" data-element_type=\"widget\" data-e-type=\"widget\" data-widget_type=\"text-editor.default\">\n\t\t\t\t<div class=\"elementor-widget-container\">\n\t\t\t\t\t\t\t\t\t<p style=\"text-align: center;\">Ich m\u00f6chte mich bei Ihnen f\u00fcr die hervorragende Betreuung bei der gestrigen Ascheverstreuung bedanken.<\/p>\n<p style=\"text-align: center; font-weight: 400;\">Linda S.<\/p>\t\t\t\t\t\t\t\t<\/div>\n\t\t\t\t<\/div>\n\t\t\t\t\t<\/div>\n\t\t<\/div>\n\t\t\t\t<div class=\"elementor-column elementor-col-33 elementor-inner-column elementor-element elementor-element-56efc2b sc_content_align_inherit sc_layouts_column_icons_position_left sc_fly_static\" data-id=\"56efc2b\" data-element_type=\"column\" data-e-type=\"column\">\n\t\t\t<div class=\"elementor-widget-wrap elementor-element-populated\">\n\t\t\t\t\t\t<div class=\"elementor-element elementor-element-f1f295d ervaring-review sc_fly_static elementor-widget elementor-widget-text-editor\" data-id=\"f1f295d\" data-element_type=\"widget\" data-e-type=\"widget\" data-widget_type=\"text-editor.default\">\n\t\t\t\t<div class=\"elementor-widget-container\">\n\t\t\t\t\t\t\t\t\t<p style=\"text-align: center;\">Ich danke Ihnen f\u00fcr die angenehme Art der Begleitung. Die Bootsfahrt und das Verstreuen der Asche verliefen so, wie wir es erwartet hatten. V\u00f6llig in der angenehmen Ruhe und Gelassenheit.<\/p>\n<p style=\"text-align: center; font-weight: 400;\">Franklin D.<\/p>\t\t\t\t\t\t\t\t<\/div>\n\t\t\t\t<\/div>\n\t\t\t\t\t<\/div>\n\t\t<\/div>\n\t\t\t\t<div class=\"elementor-column elementor-col-33 elementor-inner-column elementor-element elementor-element-067b8ef sc_content_align_inherit sc_layouts_column_icons_position_left sc_fly_static\" data-id=\"067b8ef\" data-element_type=\"column\" data-e-type=\"column\">\n\t\t\t<div class=\"elementor-widget-wrap elementor-element-populated\">\n\t\t\t\t\t\t<div class=\"elementor-element elementor-element-ab4e22b ervaring-review sc_fly_static elementor-widget elementor-widget-text-editor\" data-id=\"ab4e22b\" data-element_type=\"widget\" data-e-type=\"widget\" data-widget_type=\"text-editor.default\">\n\t\t\t\t<div class=\"elementor-widget-container\">\n\t\t\t\t\t\t\t\t\t<p style=\"text-align: center;\">Es bleibt mir nur noch, Ihnen bei dieser Gelegenheit f\u00fcr die sch\u00f6ne Erinnerung zu danken, die uns von der Verstreuung auf See geblieben ist. Wie sch\u00f6n, dass alles so sch\u00f6n und pers\u00f6nlich gestaltet werden konnte.<\/p>\n<p style=\"text-align: center; font-weight: 400;\">Wendy D.<\/p>\t\t\t\t\t\t\t\t<\/div>\n\t\t\t\t<\/div>\n\t\t\t\t\t<\/div>\n\t\t<\/div>\n\t\t\t\t\t<\/div>\n\t\t<\/section>\n\t\t\t\t<div class=\"elementor-element elementor-element-1c13a3f sc_fly_static elementor-widget elementor-widget-spacer\" data-id=\"1c13a3f\" data-element_type=\"widget\" data-e-type=\"widget\" data-widget_type=\"spacer.default\">\n\t\t\t\t<div class=\"elementor-widget-container\">\n\t\t\t\t\t\t\t<div class=\"elementor-spacer\">\n\t\t\t<div class=\"elementor-spacer-inner\"><\/div>\n\t\t<\/div>\n\t\t\t\t\t\t<\/div>\n\t\t\t\t<\/div>\n\t\t\t\t\t<\/div>\n\t\t<\/div>\n\t\t\t\t\t<\/div>\n\t\t<\/section>\n\t\t\t\t<section class=\"elementor-section elementor-top-section elementor-element elementor-element-14ee590 elementor-section-boxed elementor-section-height-default elementor-section-height-default sc_fly_static\" data-id=\"14ee590\" data-element_type=\"section\" data-e-type=\"section\">\n\t\t\t\t\t\t<div class=\"elementor-container elementor-column-gap-extended\">\n\t\t\t\t\t<div class=\"elementor-column elementor-col-100 elementor-top-column elementor-element elementor-element-679804b sc_content_align_inherit sc_layouts_column_icons_position_left sc_fly_static\" data-id=\"679804b\" data-element_type=\"column\" data-e-type=\"column\">\n\t\t\t<div class=\"elementor-widget-wrap\">\n\t\t\t\t\t\t\t<\/div>\n\t\t<\/div>\n\t\t\t\t\t<\/div>\n\t\t<\/section>\n\t\t\t\t<\/div>\n\t\t","protected":false},"excerpt":{"rendered":"<p>Erfahrungen Die Angeh\u00f6rigen wissen das Verstreuen der Asche, um das wir uns k\u00fcmmern, sehr zu sch\u00e4tzen. Im Namen der Familie und der Freunde m\u00f6chte ich Ihnen f\u00fcr den vergangenen Samstag&hellip;<\/p>\n","protected":false},"author":1,"featured_media":0,"parent":0,"menu_order":0,"comment_status":"closed","ping_status":"closed","template":"","meta":{"footnotes":""},"class_list":["post-19784","page","type-page","status-publish","hentry"],"yoast_head":"<!-- This site is optimized with the Yoast SEO plugin v27.4 - https:\/\/yoast.com\/product\/yoast-seo-wordpress\/ -->\n<title>Erfahrungen - Asverstrooiing Noordzee<\/title>\n<meta name=\"robots\" content=\"index, follow, max-snippet:-1, max-image-preview:large, max-video-preview:-1\" \/>\n<link rel=\"canonical\" href=\"https:\/\/www.asverstrooiingnoordzee.nl\/de\/erfahrungen\/\" \/>\n<meta property=\"og:locale\" content=\"de_DE\" \/>\n<meta property=\"og:type\" content=\"article\" \/>\n<meta property=\"og:title\" content=\"Erfahrungen - Asverstrooiing Noordzee\" \/>\n<meta property=\"og:description\" content=\"Erfahrungen Die Angeh\u00f6rigen wissen das Verstreuen der Asche, um das wir uns k\u00fcmmern, sehr zu sch\u00e4tzen. Im Namen der Familie und der Freunde m\u00f6chte ich Ihnen f\u00fcr den vergangenen Samstag&hellip;\" \/>\n<meta property=\"og:url\" content=\"https:\/\/www.asverstrooiingnoordzee.nl\/de\/erfahrungen\/\" \/>\n<meta property=\"og:site_name\" content=\"Asverstrooiing Noordzee\" \/>\n<meta property=\"article:modified_time\" content=\"2022-01-03T13:40:18+00:00\" \/>\n<meta name=\"twitter:card\" content=\"summary_large_image\" \/>\n<meta name=\"twitter:label1\" content=\"Gesch\u00e4tzte Lesezeit\" \/>\n\t<meta name=\"twitter:data1\" content=\"2 Minuten\" \/>\n<script type=\"application\/ld+json\" class=\"yoast-schema-graph\">{\"@context\":\"https:\\\/\\\/schema.org\",\"@graph\":[{\"@type\":\"WebPage\",\"@id\":\"https:\\\/\\\/www.asverstrooiingnoordzee.nl\\\/de\\\/erfahrungen\\\/\",\"url\":\"https:\\\/\\\/www.asverstrooiingnoordzee.nl\\\/de\\\/erfahrungen\\\/\",\"name\":\"Erfahrungen - Asverstrooiing Noordzee\",\"isPartOf\":{\"@id\":\"https:\\\/\\\/www.asverstrooiingnoordzee.nl\\\/de\\\/#website\"},\"datePublished\":\"2021-12-15T10:32:35+00:00\",\"dateModified\":\"2022-01-03T13:40:18+00:00\",\"breadcrumb\":{\"@id\":\"https:\\\/\\\/www.asverstrooiingnoordzee.nl\\\/de\\\/erfahrungen\\\/#breadcrumb\"},\"inLanguage\":\"de-DE\",\"potentialAction\":[{\"@type\":\"ReadAction\",\"target\":[\"https:\\\/\\\/www.asverstrooiingnoordzee.nl\\\/de\\\/erfahrungen\\\/\"]}]},{\"@type\":\"BreadcrumbList\",\"@id\":\"https:\\\/\\\/www.asverstrooiingnoordzee.nl\\\/de\\\/erfahrungen\\\/#breadcrumb\",\"itemListElement\":[{\"@type\":\"ListItem\",\"position\":1,\"name\":\"Home\",\"item\":\"https:\\\/\\\/www.asverstrooiingnoordzee.nl\\\/de\\\/home\\\/\"},{\"@type\":\"ListItem\",\"position\":2,\"name\":\"Erfahrungen\"}]},{\"@type\":\"WebSite\",\"@id\":\"https:\\\/\\\/www.asverstrooiingnoordzee.nl\\\/de\\\/#website\",\"url\":\"https:\\\/\\\/www.asverstrooiingnoordzee.nl\\\/de\\\/\",\"name\":\"Asverstrooiing Noordzee\",\"description\":\"As uitstrooiien op zee voor de kust van IJmuiden, met of zonder persoonlijke invulling.\",\"publisher\":{\"@id\":\"https:\\\/\\\/www.asverstrooiingnoordzee.nl\\\/de\\\/#organization\"},\"potentialAction\":[{\"@type\":\"SearchAction\",\"target\":{\"@type\":\"EntryPoint\",\"urlTemplate\":\"https:\\\/\\\/www.asverstrooiingnoordzee.nl\\\/de\\\/?s={search_term_string}\"},\"query-input\":{\"@type\":\"PropertyValueSpecification\",\"valueRequired\":true,\"valueName\":\"search_term_string\"}}],\"inLanguage\":\"de-DE\"},{\"@type\":\"Organization\",\"@id\":\"https:\\\/\\\/www.asverstrooiingnoordzee.nl\\\/de\\\/#organization\",\"name\":\"Asverstrooiing Noordzee\",\"url\":\"https:\\\/\\\/www.asverstrooiingnoordzee.nl\\\/de\\\/\",\"logo\":{\"@type\":\"ImageObject\",\"inLanguage\":\"de-DE\",\"@id\":\"https:\\\/\\\/www.asverstrooiingnoordzee.nl\\\/de\\\/#\\\/schema\\\/logo\\\/image\\\/\",\"url\":\"https:\\\/\\\/www.asverstrooiingnoordzee.nl\\\/wp-content\\\/uploads\\\/2022\\\/01\\\/logo-breed.png\",\"contentUrl\":\"https:\\\/\\\/www.asverstrooiingnoordzee.nl\\\/wp-content\\\/uploads\\\/2022\\\/01\\\/logo-breed.png\",\"width\":1496,\"height\":174,\"caption\":\"Asverstrooiing Noordzee\"},\"image\":{\"@id\":\"https:\\\/\\\/www.asverstrooiingnoordzee.nl\\\/de\\\/#\\\/schema\\\/logo\\\/image\\\/\"}}]}<\/script>\n<!-- \/ Yoast SEO plugin. -->","yoast_head_json":{"title":"Erfahrungen - Asverstrooiing Noordzee","robots":{"index":"index","follow":"follow","max-snippet":"max-snippet:-1","max-image-preview":"max-image-preview:large","max-video-preview":"max-video-preview:-1"},"canonical":"https:\/\/www.asverstrooiingnoordzee.nl\/de\/erfahrungen\/","og_locale":"de_DE","og_type":"article","og_title":"Erfahrungen - Asverstrooiing Noordzee","og_description":"Erfahrungen Die Angeh\u00f6rigen wissen das Verstreuen der Asche, um das wir uns k\u00fcmmern, sehr zu sch\u00e4tzen. Im Namen der Familie und der Freunde m\u00f6chte ich Ihnen f\u00fcr den vergangenen Samstag&hellip;","og_url":"https:\/\/www.asverstrooiingnoordzee.nl\/de\/erfahrungen\/","og_site_name":"Asverstrooiing Noordzee","article_modified_time":"2022-01-03T13:40:18+00:00","twitter_card":"summary_large_image","twitter_misc":{"Gesch\u00e4tzte Lesezeit":"2 Minuten"},"schema":{"@context":"https:\/\/schema.org","@graph":[{"@type":"WebPage","@id":"https:\/\/www.asverstrooiingnoordzee.nl\/de\/erfahrungen\/","url":"https:\/\/www.asverstrooiingnoordzee.nl\/de\/erfahrungen\/","name":"Erfahrungen - Asverstrooiing Noordzee","isPartOf":{"@id":"https:\/\/www.asverstrooiingnoordzee.nl\/de\/#website"},"datePublished":"2021-12-15T10:32:35+00:00","dateModified":"2022-01-03T13:40:18+00:00","breadcrumb":{"@id":"https:\/\/www.asverstrooiingnoordzee.nl\/de\/erfahrungen\/#breadcrumb"},"inLanguage":"de-DE","potentialAction":[{"@type":"ReadAction","target":["https:\/\/www.asverstrooiingnoordzee.nl\/de\/erfahrungen\/"]}]},{"@type":"BreadcrumbList","@id":"https:\/\/www.asverstrooiingnoordzee.nl\/de\/erfahrungen\/#breadcrumb","itemListElement":[{"@type":"ListItem","position":1,"name":"Home","item":"https:\/\/www.asverstrooiingnoordzee.nl\/de\/home\/"},{"@type":"ListItem","position":2,"name":"Erfahrungen"}]},{"@type":"WebSite","@id":"https:\/\/www.asverstrooiingnoordzee.nl\/de\/#website","url":"https:\/\/www.asverstrooiingnoordzee.nl\/de\/","name":"Asverstrooiing Noordzee","description":"As uitstrooiien op zee voor de kust van IJmuiden, met of zonder persoonlijke invulling.","publisher":{"@id":"https:\/\/www.asverstrooiingnoordzee.nl\/de\/#organization"},"potentialAction":[{"@type":"SearchAction","target":{"@type":"EntryPoint","urlTemplate":"https:\/\/www.asverstrooiingnoordzee.nl\/de\/?s={search_term_string}"},"query-input":{"@type":"PropertyValueSpecification","valueRequired":true,"valueName":"search_term_string"}}],"inLanguage":"de-DE"},{"@type":"Organization","@id":"https:\/\/www.asverstrooiingnoordzee.nl\/de\/#organization","name":"Asverstrooiing Noordzee","url":"https:\/\/www.asverstrooiingnoordzee.nl\/de\/","logo":{"@type":"ImageObject","inLanguage":"de-DE","@id":"https:\/\/www.asverstrooiingnoordzee.nl\/de\/#\/schema\/logo\/image\/","url":"https:\/\/www.asverstrooiingnoordzee.nl\/wp-content\/uploads\/2022\/01\/logo-breed.png","contentUrl":"https:\/\/www.asverstrooiingnoordzee.nl\/wp-content\/uploads\/2022\/01\/logo-breed.png","width":1496,"height":174,"caption":"Asverstrooiing Noordzee"},"image":{"@id":"https:\/\/www.asverstrooiingnoordzee.nl\/de\/#\/schema\/logo\/image\/"}}]}},"_links":{"self":[{"href":"https:\/\/www.asverstrooiingnoordzee.nl\/de\/wp-json\/wp\/v2\/pages\/19784","targetHints":{"allow":["GET"]}}],"collection":[{"href":"https:\/\/www.asverstrooiingnoordzee.nl\/de\/wp-json\/wp\/v2\/pages"}],"about":[{"href":"https:\/\/www.asverstrooiingnoordzee.nl\/de\/wp-json\/wp\/v2\/types\/page"}],"author":[{"embeddable":true,"href":"https:\/\/www.asverstrooiingnoordzee.nl\/de\/wp-json\/wp\/v2\/users\/1"}],"replies":[{"embeddable":true,"href":"https:\/\/www.asverstrooiingnoordzee.nl\/de\/wp-json\/wp\/v2\/comments?post=19784"}],"version-history":[{"count":0,"href":"https:\/\/www.asverstrooiingnoordzee.nl\/de\/wp-json\/wp\/v2\/pages\/19784\/revisions"}],"wp:attachment":[{"href":"https:\/\/www.asverstrooiingnoordzee.nl\/de\/wp-json\/wp\/v2\/media?parent=19784"}],"curies":[{"name":"wp","href":"https:\/\/api.w.org\/{rel}","templated":true}]}}