{"id":19887,"date":"2022-01-05T09:52:10","date_gmt":"2022-01-05T08:52:10","guid":{"rendered":"https:\/\/www.asverstrooiingnoordzee.skyberatedev.nl\/asverstrooiing-voor-kustplaatsen\/"},"modified":"2022-02-04T10:19:59","modified_gmt":"2022-02-04T09:19:59","slug":"seebestattung-fuer-kuestenstaedte","status":"publish","type":"product","link":"https:\/\/www.asverstrooiingnoordzee.nl\/de\/seebestattung-fuer-kuestenstaedte\/","title":{"rendered":"Seebestattung fuer kuestenstaedte"},"content":{"rendered":"<h3>Seebestattung fuer kuestenstaedte<\/h3>\n<table>\n<tbody>\n<tr>\n<th>Ortsname<\/th>\n<th>Preis<\/th>\n<th>L\u00e4nge der Zeit<\/th>\n<\/tr>\n<tr>\n<td>Ascheverstreuung vor der K\u00fcste von Parnassia<\/td>\n<td>\u20ac\u00a0 380,-<\/td>\n<td>1 Stunde<\/td>\n<\/tr>\n<tr>\n<td>Ascheverstreuung vor der K\u00fcste von Wijk aan Zee<\/td>\n<td>\u20ac\u00a0 380,-<\/td>\n<td>1 Stunde<\/td>\n<\/tr>\n<tr>\n<td>Ascheverstreuung vor der K\u00fcste von Heemskerk<\/td>\n<td>\u20ac\u00a0 570,-<\/td>\n<td>1\u00bd Stunden<\/td>\n<\/tr>\n<tr>\n<td>Ascheverstreuung vor der K\u00fcste von Bloemendaal<\/td>\n<td>\u20ac\u00a0 570-<\/td>\n<td>1\u00bd Stunden<\/td>\n<\/tr>\n<tr>\n<td>Ascheverstreuung vor der K\u00fcste von Castricum<\/td>\n<td>\u20ac\u00a0 760,-<\/td>\n<td>2 Stunden<\/td>\n<\/tr>\n<tr>\n<td>Ascheverstreuung vor der K\u00fcste von Zandvoort<\/td>\n<td>\u20ac\u00a0 760,-<\/td>\n<td>2 Stunden<\/td>\n<\/tr>\n<tr>\n<td>Ascheverstreuung vor der K\u00fcste von Egmond<\/td>\n<td>\u20ac 1140,-<\/td>\n<td>3 Stunden<\/td>\n<\/tr>\n<\/tbody>\n<\/table>\n<h3>Bestattungsurkunde<\/h3>\n<p>Wir k\u00f6nnen eine Bescheinigung \u00fcber das Datum der Streuung sowie die genaue Position der letzten Ruhest\u00e4tte erstellen. Ein Zertifikat kostet \u20ac 19,-\u00a0 und wird Ihnen anschlie\u00dfend zugesandt.<\/p>\n<h3>Genaue Bestimmung des Streuortes<\/h3>\n<p>Mit unserem seet\u00fcchtigen und gepr\u00fcften Fahrgastschiff \u201eKoningin Emma\u201c sorgen wir seit 1997 vom Hafen IJmuiden aus f\u00fcr die Aschestreuung in der Nordsee. Das Schiff ist mit modernen Navigationsger\u00e4ten und Audioger\u00e4ten ausgestattet, die es erm\u00f6glichen, die Position der Streuung genau zu bestimmen.<\/p>\n","protected":false},"excerpt":{"rendered":"<p><i class=\"fas fa-check\"><\/i> Einziges seegehendes Passagierschiff in den Niederlanden<\/p>\n<p>Wir k\u00f6nnen verschiedene K\u00fcstenorte anbieten, um dort die Asche zu verstreuen.<\/p>\n<p><strong>M\u00f6chten Sie eine Reise besprechen oder haben Sie Fragen, kontaktieren Sie uns bitte telefonisch <a href=\"tel:0255511676\">0255 \u2013 511 676<\/a><\/strong><\/p>\n<h3>Ausgezeichnete Einrichtungen<\/h3>\n<p>Seit 1997 bieten wir mit unserem seet\u00fcchtigen und zertifizierten Passagierschiff \u201eKoningin Emma\u201c vom Hafen IJmuiden aus Aschestreuung in der Nordsee an. Das Schiff hat einen sch\u00f6nen Innen- und Au\u00dfenbereich, der sich sehr gut f\u00fcr kleine, aber auch gr\u00f6\u00dfere Gruppen eignet. Ausgestattet mit modernen Navigations- und Audioger\u00e4ten k\u00f6nnen Sie optional den 55-Zoll-LED-Bildschirm zur Anzeige von begleitenden Bildern und\/oder Ton verwenden. Sie k\u00f6nnen sich mit Ihrem Smartphone oder Laptop anschlie\u00dfen.<\/p>\n","protected":false},"featured_media":21361,"template":"","meta":[],"product_brand":[],"product_cat":[194],"product_tag":[],"class_list":{"0":"post-19887","1":"product","2":"type-product","3":"status-publish","4":"has-post-thumbnail","6":"product_cat-asverstrooiing-de","8":"first","9":"instock","10":"virtual","11":"sold-individually","12":"purchasable","13":"product-type-phive_booking"},"yoast_head":"<!-- This site is optimized with the Yoast SEO plugin v27.4 - https:\/\/yoast.com\/product\/yoast-seo-wordpress\/ -->\n<title>Seebestattung fuer kuestenstaedte - Asverstrooiing Noordzee<\/title>\n<meta name=\"robots\" content=\"index, follow, max-snippet:-1, max-image-preview:large, max-video-preview:-1\" \/>\n<link rel=\"canonical\" href=\"https:\/\/www.asverstrooiingnoordzee.nl\/de\/seebestattung-fuer-kuestenstaedte\/\" \/>\n<meta property=\"og:locale\" content=\"de_DE\" \/>\n<meta property=\"og:type\" content=\"article\" \/>\n<meta property=\"og:title\" content=\"Seebestattung fuer kuestenstaedte - Asverstrooiing Noordzee\" \/>\n<meta property=\"og:description\" content=\"Einziges seegehendes Passagierschiff in den Niederlanden  Wir k\u00f6nnen verschiedene K\u00fcstenorte anbieten, um dort die Asche zu verstreuen.  M\u00f6chten Sie eine Reise besprechen oder haben Sie Fragen, kontaktieren Sie uns bitte telefonisch 0255 \u2013 511 676 Ausgezeichnete Einrichtungen Seit 1997 bieten wir mit unserem seet\u00fcchtigen und zertifizierten Passagierschiff \u201eKoningin Emma\u201c vom Hafen IJmuiden aus Aschestreuung in der Nordsee an. Das Schiff hat einen sch\u00f6nen Innen- und Au\u00dfenbereich, der sich sehr gut f\u00fcr kleine, aber auch gr\u00f6\u00dfere Gruppen eignet. Ausgestattet mit modernen Navigations- und Audioger\u00e4ten k\u00f6nnen Sie optional den 55-Zoll-LED-Bildschirm zur Anzeige von begleitenden Bildern und\/oder Ton verwenden. Sie k\u00f6nnen sich mit Ihrem Smartphone oder Laptop anschlie\u00dfen.\" \/>\n<meta property=\"og:url\" content=\"https:\/\/www.asverstrooiingnoordzee.nl\/de\/seebestattung-fuer-kuestenstaedte\/\" \/>\n<meta property=\"og:site_name\" content=\"Asverstrooiing Noordzee\" \/>\n<meta property=\"article:modified_time\" content=\"2022-02-04T09:19:59+00:00\" \/>\n<meta property=\"og:image\" content=\"https:\/\/www.asverstrooiingnoordzee.nl\/wp-content\/uploads\/2022\/01\/asuitstrooi005.jpg\" \/>\n\t<meta property=\"og:image:width\" content=\"633\" \/>\n\t<meta property=\"og:image:height\" content=\"467\" \/>\n\t<meta property=\"og:image:type\" content=\"image\/jpeg\" \/>\n<meta name=\"twitter:card\" content=\"summary_large_image\" \/>\n<meta name=\"twitter:label1\" content=\"Gesch\u00e4tzte Lesezeit\" \/>\n\t<meta name=\"twitter:data1\" content=\"1 Minute\" \/>\n<script type=\"application\/ld+json\" class=\"yoast-schema-graph\">{\"@context\":\"https:\\\/\\\/schema.org\",\"@graph\":[{\"@type\":\"WebPage\",\"@id\":\"https:\\\/\\\/www.asverstrooiingnoordzee.nl\\\/de\\\/seebestattung-fuer-kuestenstaedte\\\/\",\"url\":\"https:\\\/\\\/www.asverstrooiingnoordzee.nl\\\/de\\\/seebestattung-fuer-kuestenstaedte\\\/\",\"name\":\"Seebestattung fuer kuestenstaedte - Asverstrooiing Noordzee\",\"isPartOf\":{\"@id\":\"https:\\\/\\\/www.asverstrooiingnoordzee.nl\\\/de\\\/#website\"},\"primaryImageOfPage\":{\"@id\":\"https:\\\/\\\/www.asverstrooiingnoordzee.nl\\\/de\\\/seebestattung-fuer-kuestenstaedte\\\/#primaryimage\"},\"image\":{\"@id\":\"https:\\\/\\\/www.asverstrooiingnoordzee.nl\\\/de\\\/seebestattung-fuer-kuestenstaedte\\\/#primaryimage\"},\"thumbnailUrl\":\"https:\\\/\\\/www.asverstrooiingnoordzee.nl\\\/wp-content\\\/uploads\\\/2022\\\/01\\\/ChatGPT-Image-31-mrt-2026-17_28_44.png\",\"datePublished\":\"2022-01-05T08:52:10+00:00\",\"dateModified\":\"2022-02-04T09:19:59+00:00\",\"breadcrumb\":{\"@id\":\"https:\\\/\\\/www.asverstrooiingnoordzee.nl\\\/de\\\/seebestattung-fuer-kuestenstaedte\\\/#breadcrumb\"},\"inLanguage\":\"de-DE\",\"potentialAction\":[{\"@type\":\"ReadAction\",\"target\":[\"https:\\\/\\\/www.asverstrooiingnoordzee.nl\\\/de\\\/seebestattung-fuer-kuestenstaedte\\\/\"]}]},{\"@type\":\"ImageObject\",\"inLanguage\":\"de-DE\",\"@id\":\"https:\\\/\\\/www.asverstrooiingnoordzee.nl\\\/de\\\/seebestattung-fuer-kuestenstaedte\\\/#primaryimage\",\"url\":\"https:\\\/\\\/www.asverstrooiingnoordzee.nl\\\/wp-content\\\/uploads\\\/2022\\\/01\\\/ChatGPT-Image-31-mrt-2026-17_28_44.png\",\"contentUrl\":\"https:\\\/\\\/www.asverstrooiingnoordzee.nl\\\/wp-content\\\/uploads\\\/2022\\\/01\\\/ChatGPT-Image-31-mrt-2026-17_28_44.png\",\"width\":1536,\"height\":1024},{\"@type\":\"BreadcrumbList\",\"@id\":\"https:\\\/\\\/www.asverstrooiingnoordzee.nl\\\/de\\\/seebestattung-fuer-kuestenstaedte\\\/#breadcrumb\",\"itemListElement\":[{\"@type\":\"ListItem\",\"position\":1,\"name\":\"Home\",\"item\":\"https:\\\/\\\/www.asverstrooiingnoordzee.nl\\\/de\\\/home\\\/\"},{\"@type\":\"ListItem\",\"position\":2,\"name\":\"Produkte\",\"item\":\"https:\\\/\\\/www.asverstrooiingnoordzee.nl\\\/de\\\/shop\\\/\"},{\"@type\":\"ListItem\",\"position\":3,\"name\":\"Seebestattung fuer kuestenstaedte\"}]},{\"@type\":\"WebSite\",\"@id\":\"https:\\\/\\\/www.asverstrooiingnoordzee.nl\\\/de\\\/#website\",\"url\":\"https:\\\/\\\/www.asverstrooiingnoordzee.nl\\\/de\\\/\",\"name\":\"Asverstrooiing Noordzee\",\"description\":\"As uitstrooiien op zee voor de kust van IJmuiden, met of zonder persoonlijke invulling.\",\"publisher\":{\"@id\":\"https:\\\/\\\/www.asverstrooiingnoordzee.nl\\\/de\\\/#organization\"},\"potentialAction\":[{\"@type\":\"SearchAction\",\"target\":{\"@type\":\"EntryPoint\",\"urlTemplate\":\"https:\\\/\\\/www.asverstrooiingnoordzee.nl\\\/de\\\/?s={search_term_string}\"},\"query-input\":{\"@type\":\"PropertyValueSpecification\",\"valueRequired\":true,\"valueName\":\"search_term_string\"}}],\"inLanguage\":\"de-DE\"},{\"@type\":\"Organization\",\"@id\":\"https:\\\/\\\/www.asverstrooiingnoordzee.nl\\\/de\\\/#organization\",\"name\":\"Asverstrooiing Noordzee\",\"url\":\"https:\\\/\\\/www.asverstrooiingnoordzee.nl\\\/de\\\/\",\"logo\":{\"@type\":\"ImageObject\",\"inLanguage\":\"de-DE\",\"@id\":\"https:\\\/\\\/www.asverstrooiingnoordzee.nl\\\/de\\\/#\\\/schema\\\/logo\\\/image\\\/\",\"url\":\"https:\\\/\\\/www.asverstrooiingnoordzee.nl\\\/wp-content\\\/uploads\\\/2022\\\/01\\\/logo-breed.png\",\"contentUrl\":\"https:\\\/\\\/www.asverstrooiingnoordzee.nl\\\/wp-content\\\/uploads\\\/2022\\\/01\\\/logo-breed.png\",\"width\":1496,\"height\":174,\"caption\":\"Asverstrooiing Noordzee\"},\"image\":{\"@id\":\"https:\\\/\\\/www.asverstrooiingnoordzee.nl\\\/de\\\/#\\\/schema\\\/logo\\\/image\\\/\"}}]}<\/script>\n<!-- \/ Yoast SEO plugin. -->","yoast_head_json":{"title":"Seebestattung fuer kuestenstaedte - Asverstrooiing Noordzee","robots":{"index":"index","follow":"follow","max-snippet":"max-snippet:-1","max-image-preview":"max-image-preview:large","max-video-preview":"max-video-preview:-1"},"canonical":"https:\/\/www.asverstrooiingnoordzee.nl\/de\/seebestattung-fuer-kuestenstaedte\/","og_locale":"de_DE","og_type":"article","og_title":"Seebestattung fuer kuestenstaedte - Asverstrooiing Noordzee","og_description":"Einziges seegehendes Passagierschiff in den Niederlanden  Wir k\u00f6nnen verschiedene K\u00fcstenorte anbieten, um dort die Asche zu verstreuen.  M\u00f6chten Sie eine Reise besprechen oder haben Sie Fragen, kontaktieren Sie uns bitte telefonisch 0255 \u2013 511 676 Ausgezeichnete Einrichtungen Seit 1997 bieten wir mit unserem seet\u00fcchtigen und zertifizierten Passagierschiff \u201eKoningin Emma\u201c vom Hafen IJmuiden aus Aschestreuung in der Nordsee an. Das Schiff hat einen sch\u00f6nen Innen- und Au\u00dfenbereich, der sich sehr gut f\u00fcr kleine, aber auch gr\u00f6\u00dfere Gruppen eignet. Ausgestattet mit modernen Navigations- und Audioger\u00e4ten k\u00f6nnen Sie optional den 55-Zoll-LED-Bildschirm zur Anzeige von begleitenden Bildern und\/oder Ton verwenden. Sie k\u00f6nnen sich mit Ihrem Smartphone oder Laptop anschlie\u00dfen.","og_url":"https:\/\/www.asverstrooiingnoordzee.nl\/de\/seebestattung-fuer-kuestenstaedte\/","og_site_name":"Asverstrooiing Noordzee","article_modified_time":"2022-02-04T09:19:59+00:00","og_image":[{"width":633,"height":467,"url":"https:\/\/www.asverstrooiingnoordzee.nl\/wp-content\/uploads\/2022\/01\/asuitstrooi005.jpg","type":"image\/jpeg"}],"twitter_card":"summary_large_image","twitter_misc":{"Gesch\u00e4tzte Lesezeit":"1 Minute"},"schema":{"@context":"https:\/\/schema.org","@graph":[{"@type":"WebPage","@id":"https:\/\/www.asverstrooiingnoordzee.nl\/de\/seebestattung-fuer-kuestenstaedte\/","url":"https:\/\/www.asverstrooiingnoordzee.nl\/de\/seebestattung-fuer-kuestenstaedte\/","name":"Seebestattung fuer kuestenstaedte - Asverstrooiing Noordzee","isPartOf":{"@id":"https:\/\/www.asverstrooiingnoordzee.nl\/de\/#website"},"primaryImageOfPage":{"@id":"https:\/\/www.asverstrooiingnoordzee.nl\/de\/seebestattung-fuer-kuestenstaedte\/#primaryimage"},"image":{"@id":"https:\/\/www.asverstrooiingnoordzee.nl\/de\/seebestattung-fuer-kuestenstaedte\/#primaryimage"},"thumbnailUrl":"https:\/\/www.asverstrooiingnoordzee.nl\/wp-content\/uploads\/2022\/01\/ChatGPT-Image-31-mrt-2026-17_28_44.png","datePublished":"2022-01-05T08:52:10+00:00","dateModified":"2022-02-04T09:19:59+00:00","breadcrumb":{"@id":"https:\/\/www.asverstrooiingnoordzee.nl\/de\/seebestattung-fuer-kuestenstaedte\/#breadcrumb"},"inLanguage":"de-DE","potentialAction":[{"@type":"ReadAction","target":["https:\/\/www.asverstrooiingnoordzee.nl\/de\/seebestattung-fuer-kuestenstaedte\/"]}]},{"@type":"ImageObject","inLanguage":"de-DE","@id":"https:\/\/www.asverstrooiingnoordzee.nl\/de\/seebestattung-fuer-kuestenstaedte\/#primaryimage","url":"https:\/\/www.asverstrooiingnoordzee.nl\/wp-content\/uploads\/2022\/01\/ChatGPT-Image-31-mrt-2026-17_28_44.png","contentUrl":"https:\/\/www.asverstrooiingnoordzee.nl\/wp-content\/uploads\/2022\/01\/ChatGPT-Image-31-mrt-2026-17_28_44.png","width":1536,"height":1024},{"@type":"BreadcrumbList","@id":"https:\/\/www.asverstrooiingnoordzee.nl\/de\/seebestattung-fuer-kuestenstaedte\/#breadcrumb","itemListElement":[{"@type":"ListItem","position":1,"name":"Home","item":"https:\/\/www.asverstrooiingnoordzee.nl\/de\/home\/"},{"@type":"ListItem","position":2,"name":"Produkte","item":"https:\/\/www.asverstrooiingnoordzee.nl\/de\/shop\/"},{"@type":"ListItem","position":3,"name":"Seebestattung fuer kuestenstaedte"}]},{"@type":"WebSite","@id":"https:\/\/www.asverstrooiingnoordzee.nl\/de\/#website","url":"https:\/\/www.asverstrooiingnoordzee.nl\/de\/","name":"Asverstrooiing Noordzee","description":"As uitstrooiien op zee voor de kust van IJmuiden, met of zonder persoonlijke invulling.","publisher":{"@id":"https:\/\/www.asverstrooiingnoordzee.nl\/de\/#organization"},"potentialAction":[{"@type":"SearchAction","target":{"@type":"EntryPoint","urlTemplate":"https:\/\/www.asverstrooiingnoordzee.nl\/de\/?s={search_term_string}"},"query-input":{"@type":"PropertyValueSpecification","valueRequired":true,"valueName":"search_term_string"}}],"inLanguage":"de-DE"},{"@type":"Organization","@id":"https:\/\/www.asverstrooiingnoordzee.nl\/de\/#organization","name":"Asverstrooiing Noordzee","url":"https:\/\/www.asverstrooiingnoordzee.nl\/de\/","logo":{"@type":"ImageObject","inLanguage":"de-DE","@id":"https:\/\/www.asverstrooiingnoordzee.nl\/de\/#\/schema\/logo\/image\/","url":"https:\/\/www.asverstrooiingnoordzee.nl\/wp-content\/uploads\/2022\/01\/logo-breed.png","contentUrl":"https:\/\/www.asverstrooiingnoordzee.nl\/wp-content\/uploads\/2022\/01\/logo-breed.png","width":1496,"height":174,"caption":"Asverstrooiing Noordzee"},"image":{"@id":"https:\/\/www.asverstrooiingnoordzee.nl\/de\/#\/schema\/logo\/image\/"}}]}},"_links":{"self":[{"href":"https:\/\/www.asverstrooiingnoordzee.nl\/de\/wp-json\/wp\/v2\/product\/19887","targetHints":{"allow":["GET"]}}],"collection":[{"href":"https:\/\/www.asverstrooiingnoordzee.nl\/de\/wp-json\/wp\/v2\/product"}],"about":[{"href":"https:\/\/www.asverstrooiingnoordzee.nl\/de\/wp-json\/wp\/v2\/types\/product"}],"wp:featuredmedia":[{"embeddable":true,"href":"https:\/\/www.asverstrooiingnoordzee.nl\/de\/wp-json\/wp\/v2\/media\/21361"}],"wp:attachment":[{"href":"https:\/\/www.asverstrooiingnoordzee.nl\/de\/wp-json\/wp\/v2\/media?parent=19887"}],"wp:term":[{"taxonomy":"product_brand","embeddable":true,"href":"https:\/\/www.asverstrooiingnoordzee.nl\/de\/wp-json\/wp\/v2\/product_brand?post=19887"},{"taxonomy":"product_cat","embeddable":true,"href":"https:\/\/www.asverstrooiingnoordzee.nl\/de\/wp-json\/wp\/v2\/product_cat?post=19887"},{"taxonomy":"product_tag","embeddable":true,"href":"https:\/\/www.asverstrooiingnoordzee.nl\/de\/wp-json\/wp\/v2\/product_tag?post=19887"}],"curies":[{"name":"wp","href":"https:\/\/api.w.org\/{rel}","templated":true}]}}