{"id":19894,"date":"2022-01-05T09:36:36","date_gmt":"2022-01-05T08:36:36","guid":{"rendered":"https:\/\/www.asverstrooiingnoordzee.skyberatedev.nl\/asverstrooiing-zonder-ceremonie\/"},"modified":"2022-02-03T12:23:32","modified_gmt":"2022-02-03T11:23:32","slug":"seebestattung-ohne-zeremonie","status":"publish","type":"product","link":"https:\/\/www.asverstrooiingnoordzee.nl\/de\/seebestattung-ohne-zeremonie\/","title":{"rendered":"Seebestattung ohne Zeremonie"},"content":{"rendered":"<h3>Die Geschwindigkeit und Streuung der Asche<\/h3>\n<p>Das Schiff segelt mit der Flagge auf Halbmast aufs Meer hinaus bis kurz vor die Piers, wo die Aschestreuung stattfindet. Auf Wunsch besteht die M\u00f6glichkeit f\u00fcr einen Blumengru\u00df. Dann wird die Flagge gehisst und das Schiff kehrt in den Hafen zur\u00fcck.<\/p>\n<h3>Aschestreuzertifikat<\/h3>\n<p>Wir k\u00f6nnen eine Bescheinigung \u00fcber das Datum der Streuung sowie die genaue Position der letzten Ruhest\u00e4tte erstellen. Ein Zertifikat kostet 19 \u20ac und wird Ihnen anschlie\u00dfend zugesandt.<\/p>\n<h3>Ausgezeichnete Einrichtungen<\/h3>\n<p>Seit 1997 bieten wir mit unserem seet\u00fcchtigen und zertifizierten Passagierschiff &#8222;<strong>Koningin Emma<\/strong>&#8220; vom Hafen IJmuiden aus Aschestreuung in der Nordsee an. Das Schiff hat einen sch\u00f6nen Innen- und Au\u00dfenbereich, der sich sehr gut f\u00fcr kleine, aber auch gr\u00f6\u00dfere Gruppen eignet. Ausgestattet mit modernen Navigations- und Audioger\u00e4ten. Getrennte Damen- und Herrentoiletten.<\/p>\n","protected":false},"excerpt":{"rendered":"<p><i class=\"fas fa-check\"><\/i> Einziges seegehendes Passagierschiff in den Niederlanden<\/p>\n<p>Eine Ascheverstreuung ohne Zeremonie dauert ungef\u00e4hr 45 Minuten, einschlie\u00dflich der Fahrt ins In- und Ausland. Diese Form des Verstreuens der Asche im Meer ist n\u00fcchterner gestaltet und hat eine Standardinterpretation.<\/p>\n<p><strong>Bevorzugen Sie zuerst eine telefonische Kontaktaufnahme? Bel\u00a0<a href=\"tel:0255511676\">0255 \u2013 511 676<\/a><\/strong><\/p>\n","protected":false},"featured_media":21309,"template":"","meta":[],"product_brand":[],"product_cat":[194],"product_tag":[],"class_list":{"0":"post-19894","1":"product","2":"type-product","3":"status-publish","4":"has-post-thumbnail","6":"product_cat-asverstrooiing-de","8":"first","9":"instock","10":"sold-individually","11":"purchasable","12":"product-type-phive_booking"},"yoast_head":"<!-- This site is optimized with the Yoast SEO plugin v27.4 - https:\/\/yoast.com\/product\/yoast-seo-wordpress\/ -->\n<title>Seebestattung ohne Zeremonie - Asverstrooiing Noordzee<\/title>\n<meta name=\"robots\" content=\"index, follow, max-snippet:-1, max-image-preview:large, max-video-preview:-1\" \/>\n<link rel=\"canonical\" href=\"https:\/\/www.asverstrooiingnoordzee.nl\/de\/seebestattung-ohne-zeremonie\/\" \/>\n<meta property=\"og:locale\" content=\"de_DE\" \/>\n<meta property=\"og:type\" content=\"article\" \/>\n<meta property=\"og:title\" content=\"Seebestattung ohne Zeremonie - Asverstrooiing Noordzee\" \/>\n<meta property=\"og:description\" content=\"Einziges seegehendes Passagierschiff in den Niederlanden  Eine Ascheverstreuung ohne Zeremonie dauert ungef\u00e4hr 45 Minuten, einschlie\u00dflich der Fahrt ins In- und Ausland. Diese Form des Verstreuens der Asche im Meer ist n\u00fcchterner gestaltet und hat eine Standardinterpretation.  Bevorzugen Sie zuerst eine telefonische Kontaktaufnahme? Bel\u00a00255 \u2013 511 676\" \/>\n<meta property=\"og:url\" content=\"https:\/\/www.asverstrooiingnoordzee.nl\/de\/seebestattung-ohne-zeremonie\/\" \/>\n<meta property=\"og:site_name\" content=\"Asverstrooiing Noordzee\" \/>\n<meta property=\"article:modified_time\" content=\"2022-02-03T11:23:32+00:00\" \/>\n<meta property=\"og:image\" content=\"https:\/\/www.asverstrooiingnoordzee.nl\/wp-content\/uploads\/2022\/01\/asuitstrooi006.jpg\" \/>\n\t<meta property=\"og:image:width\" content=\"633\" \/>\n\t<meta property=\"og:image:height\" content=\"467\" \/>\n\t<meta property=\"og:image:type\" content=\"image\/jpeg\" \/>\n<meta name=\"twitter:card\" content=\"summary_large_image\" \/>\n<meta name=\"twitter:label1\" content=\"Gesch\u00e4tzte Lesezeit\" \/>\n\t<meta name=\"twitter:data1\" content=\"1 Minute\" \/>\n<script type=\"application\/ld+json\" class=\"yoast-schema-graph\">{\"@context\":\"https:\\\/\\\/schema.org\",\"@graph\":[{\"@type\":\"WebPage\",\"@id\":\"https:\\\/\\\/www.asverstrooiingnoordzee.nl\\\/de\\\/seebestattung-ohne-zeremonie\\\/\",\"url\":\"https:\\\/\\\/www.asverstrooiingnoordzee.nl\\\/de\\\/seebestattung-ohne-zeremonie\\\/\",\"name\":\"Seebestattung ohne Zeremonie - Asverstrooiing Noordzee\",\"isPartOf\":{\"@id\":\"https:\\\/\\\/www.asverstrooiingnoordzee.nl\\\/de\\\/#website\"},\"primaryImageOfPage\":{\"@id\":\"https:\\\/\\\/www.asverstrooiingnoordzee.nl\\\/de\\\/seebestattung-ohne-zeremonie\\\/#primaryimage\"},\"image\":{\"@id\":\"https:\\\/\\\/www.asverstrooiingnoordzee.nl\\\/de\\\/seebestattung-ohne-zeremonie\\\/#primaryimage\"},\"thumbnailUrl\":\"https:\\\/\\\/www.asverstrooiingnoordzee.nl\\\/wp-content\\\/uploads\\\/2026\\\/03\\\/ChatGPT-Image-31-mrt-2026-15_33_28.png\",\"datePublished\":\"2022-01-05T08:36:36+00:00\",\"dateModified\":\"2022-02-03T11:23:32+00:00\",\"breadcrumb\":{\"@id\":\"https:\\\/\\\/www.asverstrooiingnoordzee.nl\\\/de\\\/seebestattung-ohne-zeremonie\\\/#breadcrumb\"},\"inLanguage\":\"de-DE\",\"potentialAction\":[{\"@type\":\"ReadAction\",\"target\":[\"https:\\\/\\\/www.asverstrooiingnoordzee.nl\\\/de\\\/seebestattung-ohne-zeremonie\\\/\"]}]},{\"@type\":\"ImageObject\",\"inLanguage\":\"de-DE\",\"@id\":\"https:\\\/\\\/www.asverstrooiingnoordzee.nl\\\/de\\\/seebestattung-ohne-zeremonie\\\/#primaryimage\",\"url\":\"https:\\\/\\\/www.asverstrooiingnoordzee.nl\\\/wp-content\\\/uploads\\\/2026\\\/03\\\/ChatGPT-Image-31-mrt-2026-15_33_28.png\",\"contentUrl\":\"https:\\\/\\\/www.asverstrooiingnoordzee.nl\\\/wp-content\\\/uploads\\\/2026\\\/03\\\/ChatGPT-Image-31-mrt-2026-15_33_28.png\",\"width\":1536,\"height\":1024},{\"@type\":\"BreadcrumbList\",\"@id\":\"https:\\\/\\\/www.asverstrooiingnoordzee.nl\\\/de\\\/seebestattung-ohne-zeremonie\\\/#breadcrumb\",\"itemListElement\":[{\"@type\":\"ListItem\",\"position\":1,\"name\":\"Home\",\"item\":\"https:\\\/\\\/www.asverstrooiingnoordzee.nl\\\/de\\\/home\\\/\"},{\"@type\":\"ListItem\",\"position\":2,\"name\":\"Produkte\",\"item\":\"https:\\\/\\\/www.asverstrooiingnoordzee.nl\\\/de\\\/shop\\\/\"},{\"@type\":\"ListItem\",\"position\":3,\"name\":\"Seebestattung ohne Zeremonie\"}]},{\"@type\":\"WebSite\",\"@id\":\"https:\\\/\\\/www.asverstrooiingnoordzee.nl\\\/de\\\/#website\",\"url\":\"https:\\\/\\\/www.asverstrooiingnoordzee.nl\\\/de\\\/\",\"name\":\"Asverstrooiing Noordzee\",\"description\":\"As uitstrooiien op zee voor de kust van IJmuiden, met of zonder persoonlijke invulling.\",\"publisher\":{\"@id\":\"https:\\\/\\\/www.asverstrooiingnoordzee.nl\\\/de\\\/#organization\"},\"potentialAction\":[{\"@type\":\"SearchAction\",\"target\":{\"@type\":\"EntryPoint\",\"urlTemplate\":\"https:\\\/\\\/www.asverstrooiingnoordzee.nl\\\/de\\\/?s={search_term_string}\"},\"query-input\":{\"@type\":\"PropertyValueSpecification\",\"valueRequired\":true,\"valueName\":\"search_term_string\"}}],\"inLanguage\":\"de-DE\"},{\"@type\":\"Organization\",\"@id\":\"https:\\\/\\\/www.asverstrooiingnoordzee.nl\\\/de\\\/#organization\",\"name\":\"Asverstrooiing Noordzee\",\"url\":\"https:\\\/\\\/www.asverstrooiingnoordzee.nl\\\/de\\\/\",\"logo\":{\"@type\":\"ImageObject\",\"inLanguage\":\"de-DE\",\"@id\":\"https:\\\/\\\/www.asverstrooiingnoordzee.nl\\\/de\\\/#\\\/schema\\\/logo\\\/image\\\/\",\"url\":\"https:\\\/\\\/www.asverstrooiingnoordzee.nl\\\/wp-content\\\/uploads\\\/2022\\\/01\\\/logo-breed.png\",\"contentUrl\":\"https:\\\/\\\/www.asverstrooiingnoordzee.nl\\\/wp-content\\\/uploads\\\/2022\\\/01\\\/logo-breed.png\",\"width\":1496,\"height\":174,\"caption\":\"Asverstrooiing Noordzee\"},\"image\":{\"@id\":\"https:\\\/\\\/www.asverstrooiingnoordzee.nl\\\/de\\\/#\\\/schema\\\/logo\\\/image\\\/\"}}]}<\/script>\n<!-- \/ Yoast SEO plugin. -->","yoast_head_json":{"title":"Seebestattung ohne Zeremonie - Asverstrooiing Noordzee","robots":{"index":"index","follow":"follow","max-snippet":"max-snippet:-1","max-image-preview":"max-image-preview:large","max-video-preview":"max-video-preview:-1"},"canonical":"https:\/\/www.asverstrooiingnoordzee.nl\/de\/seebestattung-ohne-zeremonie\/","og_locale":"de_DE","og_type":"article","og_title":"Seebestattung ohne Zeremonie - Asverstrooiing Noordzee","og_description":"Einziges seegehendes Passagierschiff in den Niederlanden  Eine Ascheverstreuung ohne Zeremonie dauert ungef\u00e4hr 45 Minuten, einschlie\u00dflich der Fahrt ins In- und Ausland. Diese Form des Verstreuens der Asche im Meer ist n\u00fcchterner gestaltet und hat eine Standardinterpretation.  Bevorzugen Sie zuerst eine telefonische Kontaktaufnahme? Bel\u00a00255 \u2013 511 676","og_url":"https:\/\/www.asverstrooiingnoordzee.nl\/de\/seebestattung-ohne-zeremonie\/","og_site_name":"Asverstrooiing Noordzee","article_modified_time":"2022-02-03T11:23:32+00:00","og_image":[{"width":633,"height":467,"url":"https:\/\/www.asverstrooiingnoordzee.nl\/wp-content\/uploads\/2022\/01\/asuitstrooi006.jpg","type":"image\/jpeg"}],"twitter_card":"summary_large_image","twitter_misc":{"Gesch\u00e4tzte Lesezeit":"1 Minute"},"schema":{"@context":"https:\/\/schema.org","@graph":[{"@type":"WebPage","@id":"https:\/\/www.asverstrooiingnoordzee.nl\/de\/seebestattung-ohne-zeremonie\/","url":"https:\/\/www.asverstrooiingnoordzee.nl\/de\/seebestattung-ohne-zeremonie\/","name":"Seebestattung ohne Zeremonie - Asverstrooiing Noordzee","isPartOf":{"@id":"https:\/\/www.asverstrooiingnoordzee.nl\/de\/#website"},"primaryImageOfPage":{"@id":"https:\/\/www.asverstrooiingnoordzee.nl\/de\/seebestattung-ohne-zeremonie\/#primaryimage"},"image":{"@id":"https:\/\/www.asverstrooiingnoordzee.nl\/de\/seebestattung-ohne-zeremonie\/#primaryimage"},"thumbnailUrl":"https:\/\/www.asverstrooiingnoordzee.nl\/wp-content\/uploads\/2026\/03\/ChatGPT-Image-31-mrt-2026-15_33_28.png","datePublished":"2022-01-05T08:36:36+00:00","dateModified":"2022-02-03T11:23:32+00:00","breadcrumb":{"@id":"https:\/\/www.asverstrooiingnoordzee.nl\/de\/seebestattung-ohne-zeremonie\/#breadcrumb"},"inLanguage":"de-DE","potentialAction":[{"@type":"ReadAction","target":["https:\/\/www.asverstrooiingnoordzee.nl\/de\/seebestattung-ohne-zeremonie\/"]}]},{"@type":"ImageObject","inLanguage":"de-DE","@id":"https:\/\/www.asverstrooiingnoordzee.nl\/de\/seebestattung-ohne-zeremonie\/#primaryimage","url":"https:\/\/www.asverstrooiingnoordzee.nl\/wp-content\/uploads\/2026\/03\/ChatGPT-Image-31-mrt-2026-15_33_28.png","contentUrl":"https:\/\/www.asverstrooiingnoordzee.nl\/wp-content\/uploads\/2026\/03\/ChatGPT-Image-31-mrt-2026-15_33_28.png","width":1536,"height":1024},{"@type":"BreadcrumbList","@id":"https:\/\/www.asverstrooiingnoordzee.nl\/de\/seebestattung-ohne-zeremonie\/#breadcrumb","itemListElement":[{"@type":"ListItem","position":1,"name":"Home","item":"https:\/\/www.asverstrooiingnoordzee.nl\/de\/home\/"},{"@type":"ListItem","position":2,"name":"Produkte","item":"https:\/\/www.asverstrooiingnoordzee.nl\/de\/shop\/"},{"@type":"ListItem","position":3,"name":"Seebestattung ohne Zeremonie"}]},{"@type":"WebSite","@id":"https:\/\/www.asverstrooiingnoordzee.nl\/de\/#website","url":"https:\/\/www.asverstrooiingnoordzee.nl\/de\/","name":"Asverstrooiing Noordzee","description":"As uitstrooiien op zee voor de kust van IJmuiden, met of zonder persoonlijke invulling.","publisher":{"@id":"https:\/\/www.asverstrooiingnoordzee.nl\/de\/#organization"},"potentialAction":[{"@type":"SearchAction","target":{"@type":"EntryPoint","urlTemplate":"https:\/\/www.asverstrooiingnoordzee.nl\/de\/?s={search_term_string}"},"query-input":{"@type":"PropertyValueSpecification","valueRequired":true,"valueName":"search_term_string"}}],"inLanguage":"de-DE"},{"@type":"Organization","@id":"https:\/\/www.asverstrooiingnoordzee.nl\/de\/#organization","name":"Asverstrooiing Noordzee","url":"https:\/\/www.asverstrooiingnoordzee.nl\/de\/","logo":{"@type":"ImageObject","inLanguage":"de-DE","@id":"https:\/\/www.asverstrooiingnoordzee.nl\/de\/#\/schema\/logo\/image\/","url":"https:\/\/www.asverstrooiingnoordzee.nl\/wp-content\/uploads\/2022\/01\/logo-breed.png","contentUrl":"https:\/\/www.asverstrooiingnoordzee.nl\/wp-content\/uploads\/2022\/01\/logo-breed.png","width":1496,"height":174,"caption":"Asverstrooiing Noordzee"},"image":{"@id":"https:\/\/www.asverstrooiingnoordzee.nl\/de\/#\/schema\/logo\/image\/"}}]}},"_links":{"self":[{"href":"https:\/\/www.asverstrooiingnoordzee.nl\/de\/wp-json\/wp\/v2\/product\/19894","targetHints":{"allow":["GET"]}}],"collection":[{"href":"https:\/\/www.asverstrooiingnoordzee.nl\/de\/wp-json\/wp\/v2\/product"}],"about":[{"href":"https:\/\/www.asverstrooiingnoordzee.nl\/de\/wp-json\/wp\/v2\/types\/product"}],"wp:featuredmedia":[{"embeddable":true,"href":"https:\/\/www.asverstrooiingnoordzee.nl\/de\/wp-json\/wp\/v2\/media\/21309"}],"wp:attachment":[{"href":"https:\/\/www.asverstrooiingnoordzee.nl\/de\/wp-json\/wp\/v2\/media?parent=19894"}],"wp:term":[{"taxonomy":"product_brand","embeddable":true,"href":"https:\/\/www.asverstrooiingnoordzee.nl\/de\/wp-json\/wp\/v2\/product_brand?post=19894"},{"taxonomy":"product_cat","embeddable":true,"href":"https:\/\/www.asverstrooiingnoordzee.nl\/de\/wp-json\/wp\/v2\/product_cat?post=19894"},{"taxonomy":"product_tag","embeddable":true,"href":"https:\/\/www.asverstrooiingnoordzee.nl\/de\/wp-json\/wp\/v2\/product_tag?post=19894"}],"curies":[{"name":"wp","href":"https:\/\/api.w.org\/{rel}","templated":true}]}}